{"id":9007,"date":"2022-06-03T13:22:11","date_gmt":"2022-06-03T13:22:11","guid":{"rendered":"https:\/\/gtcendustriyel.com\/?post_type=product&#038;p=9007"},"modified":"2023-03-04T10:24:09","modified_gmt":"2023-03-04T10:24:09","slug":"deltaplus-granite-wind","status":"publish","type":"product","link":"https:\/\/www.gtcendustriyel.com\/en\/product\/deltaplus-granite-wind\/","title":{"rendered":"DELTAPLUS GRANITE WIND"},"content":{"rendered":"<p>ABS helmet.<\/p>\n<p>Mountaineer style helmet: without visor for best vertical vision.<\/p>\n<p>Fewer obstacles.<\/p>\n<p>Light.<\/p>\n<p>Polyamide interior: 3 fabric bands with 8 fixing points.<\/p>\n<p>Thermoformed sweatband.<\/p>\n<p>New adjustable ROTOR system: head size 53-63 cm.<\/p>\n<p>Sold with a 3-point chin strap.<\/p>","protected":false},"excerpt":{"rendered":"<p>ABS baret. Da\u011fc\u0131 tarz\u0131 baret: en iyi dikey g\u00f6r\u00fc\u015f i\u00e7in sipersiz. Daha az engel. Hafif. Poliamid i\u00e7: 8 sabitleme noktal\u0131<\/p>","protected":false},"featured_media":9011,"comment_status":"open","ping_status":"closed","template":"","meta":[],"product_brand":[],"product_cat":[131,108],"product_tag":[155,139,158],"class_list":{"0":"post-9007","1":"product","2":"type-product","3":"status-publish","4":"has-post-thumbnail","6":"product_cat-bas-koruyucular","7":"product_cat-delta-plus","8":"product_tag-baret","9":"product_tag-deltaplus","10":"product_tag-granite-wind","12":"first","13":"instock","14":"taxable","15":"shipping-taxable","16":"purchasable","17":"product-type-variable","18":"has-default-attributes"},"jetpack_sharing_enabled":true,"_links":{"self":[{"href":"https:\/\/www.gtcendustriyel.com\/en\/wp-json\/wp\/v2\/product\/9007","targetHints":{"allow":["GET"]}}],"collection":[{"href":"https:\/\/www.gtcendustriyel.com\/en\/wp-json\/wp\/v2\/product"}],"about":[{"href":"https:\/\/www.gtcendustriyel.com\/en\/wp-json\/wp\/v2\/types\/product"}],"replies":[{"embeddable":true,"href":"https:\/\/www.gtcendustriyel.com\/en\/wp-json\/wp\/v2\/comments?post=9007"}],"version-history":[{"count":0,"href":"https:\/\/www.gtcendustriyel.com\/en\/wp-json\/wp\/v2\/product\/9007\/revisions"}],"wp:featuredmedia":[{"embeddable":true,"href":"https:\/\/www.gtcendustriyel.com\/en\/wp-json\/wp\/v2\/media\/9011"}],"wp:attachment":[{"href":"https:\/\/www.gtcendustriyel.com\/en\/wp-json\/wp\/v2\/media?parent=9007"}],"wp:term":[{"taxonomy":"product_brand","embeddable":true,"href":"https:\/\/www.gtcendustriyel.com\/en\/wp-json\/wp\/v2\/product_brand?post=9007"},{"taxonomy":"product_cat","embeddable":true,"href":"https:\/\/www.gtcendustriyel.com\/en\/wp-json\/wp\/v2\/product_cat?post=9007"},{"taxonomy":"product_tag","embeddable":true,"href":"https:\/\/www.gtcendustriyel.com\/en\/wp-json\/wp\/v2\/product_tag?post=9007"}],"curies":[{"name":"wp","href":"https:\/\/api.w.org\/{rel}","templated":true}]}}