{"id":11834,"date":"2025-04-30T12:26:11","date_gmt":"2025-04-30T09:26:11","guid":{"rendered":"https:\/\/www.gtcendustriyel.com\/?post_type=product&#038;p=11834"},"modified":"2025-04-30T12:50:38","modified_gmt":"2025-04-30T09:50:38","slug":"sst4-pompa","status":"publish","type":"product","link":"https:\/\/www.gtcendustriyel.com\/en\/product\/sst4-pompa\/","title":{"rendered":"SST4 Pompa"},"content":{"rendered":"","protected":false},"excerpt":{"rendered":"<section class=\"av_textblock_section av-m9sm4e5b-267be7add1283e2dd9dff07009fe8876\">\n<div class=\"avia_textblock\">\n<p>\u00dcr\u00fcn \u0130\u00e7in Detayl\u0131 Bilgiye PDF \u00dczerinden Ula\u015fabilirsiniz<\/p>\n<\/div>\n<\/section>\n<div class=\"hr av-6d5zrr-e6b9c6bdf30b28ea11a2f0ee24eba26c hr-short avia-builder-el-7 el_after_av_textblock el_before_av_buttonrow hr-left\"><\/div>","protected":false},"featured_media":11843,"comment_status":"closed","ping_status":"closed","template":"","meta":[],"product_brand":[],"product_cat":[539],"product_tag":[],"class_list":{"0":"post-11834","1":"product","2":"type-product","3":"status-publish","4":"has-post-thumbnail","6":"product_cat-sst","8":"first","9":"instock","10":"taxable","11":"shipping-taxable","12":"purchasable","13":"product-type-simple"},"jetpack_sharing_enabled":true,"_links":{"self":[{"href":"https:\/\/www.gtcendustriyel.com\/en\/wp-json\/wp\/v2\/product\/11834","targetHints":{"allow":["GET"]}}],"collection":[{"href":"https:\/\/www.gtcendustriyel.com\/en\/wp-json\/wp\/v2\/product"}],"about":[{"href":"https:\/\/www.gtcendustriyel.com\/en\/wp-json\/wp\/v2\/types\/product"}],"replies":[{"embeddable":true,"href":"https:\/\/www.gtcendustriyel.com\/en\/wp-json\/wp\/v2\/comments?post=11834"}],"version-history":[{"count":0,"href":"https:\/\/www.gtcendustriyel.com\/en\/wp-json\/wp\/v2\/product\/11834\/revisions"}],"wp:featuredmedia":[{"embeddable":true,"href":"https:\/\/www.gtcendustriyel.com\/en\/wp-json\/wp\/v2\/media\/11843"}],"wp:attachment":[{"href":"https:\/\/www.gtcendustriyel.com\/en\/wp-json\/wp\/v2\/media?parent=11834"}],"wp:term":[{"taxonomy":"product_brand","embeddable":true,"href":"https:\/\/www.gtcendustriyel.com\/en\/wp-json\/wp\/v2\/product_brand?post=11834"},{"taxonomy":"product_cat","embeddable":true,"href":"https:\/\/www.gtcendustriyel.com\/en\/wp-json\/wp\/v2\/product_cat?post=11834"},{"taxonomy":"product_tag","embeddable":true,"href":"https:\/\/www.gtcendustriyel.com\/en\/wp-json\/wp\/v2\/product_tag?post=11834"}],"curies":[{"name":"wp","href":"https:\/\/api.w.org\/{rel}","templated":true}]}}