{"id":11831,"date":"2025-04-30T12:25:02","date_gmt":"2025-04-30T09:25:02","guid":{"rendered":"https:\/\/www.gtcendustriyel.com\/?post_type=product&#038;p=11831"},"modified":"2025-04-30T12:55:51","modified_gmt":"2025-04-30T09:55:51","slug":"sst-baglanti-istasyonu","status":"publish","type":"product","link":"https:\/\/www.gtcendustriyel.com\/en\/product\/sst-baglanti-istasyonu\/","title":{"rendered":"SST Ba\u011flant\u0131 \u0130stasyonu"},"content":{"rendered":"","protected":false},"excerpt":{"rendered":"<section class=\"av_textblock_section av-9tj0m2-b4f3abf46a6f1f86cf671ab6c7eef74b\">\n<div class=\"avia_textblock\">\n<p>\u00dcr\u00fcn \u0130\u00e7in Detayl\u0131 Bilgiye PDF \u00dczerinden Ula\u015fabilirsiniz<\/p>\n<\/div>\n<\/section>\n<div class=\"hr av-7rg1t6-1d3ecc0efc86d160178ad5fe045f9469 hr-short avia-builder-el-7 el_after_av_textblock el_before_av_buttonrow hr-left\"><\/div>","protected":false},"featured_media":11839,"comment_status":"closed","ping_status":"closed","template":"","meta":[],"product_brand":[],"product_cat":[539],"product_tag":[],"class_list":{"0":"post-11831","1":"product","2":"type-product","3":"status-publish","4":"has-post-thumbnail","6":"product_cat-sst","8":"first","9":"instock","10":"taxable","11":"shipping-taxable","12":"purchasable","13":"product-type-simple"},"jetpack_sharing_enabled":true,"_links":{"self":[{"href":"https:\/\/www.gtcendustriyel.com\/en\/wp-json\/wp\/v2\/product\/11831","targetHints":{"allow":["GET"]}}],"collection":[{"href":"https:\/\/www.gtcendustriyel.com\/en\/wp-json\/wp\/v2\/product"}],"about":[{"href":"https:\/\/www.gtcendustriyel.com\/en\/wp-json\/wp\/v2\/types\/product"}],"replies":[{"embeddable":true,"href":"https:\/\/www.gtcendustriyel.com\/en\/wp-json\/wp\/v2\/comments?post=11831"}],"version-history":[{"count":0,"href":"https:\/\/www.gtcendustriyel.com\/en\/wp-json\/wp\/v2\/product\/11831\/revisions"}],"wp:featuredmedia":[{"embeddable":true,"href":"https:\/\/www.gtcendustriyel.com\/en\/wp-json\/wp\/v2\/media\/11839"}],"wp:attachment":[{"href":"https:\/\/www.gtcendustriyel.com\/en\/wp-json\/wp\/v2\/media?parent=11831"}],"wp:term":[{"taxonomy":"product_brand","embeddable":true,"href":"https:\/\/www.gtcendustriyel.com\/en\/wp-json\/wp\/v2\/product_brand?post=11831"},{"taxonomy":"product_cat","embeddable":true,"href":"https:\/\/www.gtcendustriyel.com\/en\/wp-json\/wp\/v2\/product_cat?post=11831"},{"taxonomy":"product_tag","embeddable":true,"href":"https:\/\/www.gtcendustriyel.com\/en\/wp-json\/wp\/v2\/product_tag?post=11831"}],"curies":[{"name":"wp","href":"https:\/\/api.w.org\/{rel}","templated":true}]}}