{"id":11822,"date":"2025-04-30T12:19:37","date_gmt":"2025-04-30T09:19:37","guid":{"rendered":"https:\/\/www.gtcendustriyel.com\/?post_type=product&#038;p=11822"},"modified":"2025-04-30T12:49:48","modified_gmt":"2025-04-30T09:49:48","slug":"watchgas-sst-uygulamasi","status":"publish","type":"product","link":"https:\/\/www.gtcendustriyel.com\/en\/product\/watchgas-sst-uygulamasi\/","title":{"rendered":"WatchGas SST Uygulamas\u0131"},"content":{"rendered":"","protected":false},"excerpt":{"rendered":"<section class=\"av_textblock_section av-d73qci-ee74f003ebee2a81c7551db9c852ad53\">\n<div class=\"avia_textblock\">\n<p>\u00dcr\u00fcn \u0130\u00e7in Detayl\u0131 Bilgiye PDF \u00dczerinden Ula\u015fabilirsiniz<\/p>\n<\/div>\n<\/section>\n<div class=\"hr av-axzulu-2aa1451122328480a48618cf41e3f38b hr-short avia-builder-el-7 el_after_av_textblock el_before_av_buttonrow hr-left\"><\/div>","protected":false},"featured_media":11844,"comment_status":"closed","ping_status":"closed","template":"","meta":[],"product_brand":[],"product_cat":[539,540],"product_tag":[],"class_list":{"0":"post-11822","1":"product","2":"type-product","3":"status-publish","4":"has-post-thumbnail","6":"product_cat-sst","7":"product_cat-watchgas","9":"first","10":"instock","11":"taxable","12":"shipping-taxable","13":"purchasable","14":"product-type-simple"},"jetpack_sharing_enabled":true,"_links":{"self":[{"href":"https:\/\/www.gtcendustriyel.com\/en\/wp-json\/wp\/v2\/product\/11822","targetHints":{"allow":["GET"]}}],"collection":[{"href":"https:\/\/www.gtcendustriyel.com\/en\/wp-json\/wp\/v2\/product"}],"about":[{"href":"https:\/\/www.gtcendustriyel.com\/en\/wp-json\/wp\/v2\/types\/product"}],"replies":[{"embeddable":true,"href":"https:\/\/www.gtcendustriyel.com\/en\/wp-json\/wp\/v2\/comments?post=11822"}],"version-history":[{"count":0,"href":"https:\/\/www.gtcendustriyel.com\/en\/wp-json\/wp\/v2\/product\/11822\/revisions"}],"wp:featuredmedia":[{"embeddable":true,"href":"https:\/\/www.gtcendustriyel.com\/en\/wp-json\/wp\/v2\/media\/11844"}],"wp:attachment":[{"href":"https:\/\/www.gtcendustriyel.com\/en\/wp-json\/wp\/v2\/media?parent=11822"}],"wp:term":[{"taxonomy":"product_brand","embeddable":true,"href":"https:\/\/www.gtcendustriyel.com\/en\/wp-json\/wp\/v2\/product_brand?post=11822"},{"taxonomy":"product_cat","embeddable":true,"href":"https:\/\/www.gtcendustriyel.com\/en\/wp-json\/wp\/v2\/product_cat?post=11822"},{"taxonomy":"product_tag","embeddable":true,"href":"https:\/\/www.gtcendustriyel.com\/en\/wp-json\/wp\/v2\/product_tag?post=11822"}],"curies":[{"name":"wp","href":"https:\/\/api.w.org\/{rel}","templated":true}]}}