{"id":11818,"date":"2025-04-30T12:18:27","date_gmt":"2025-04-30T09:18:27","guid":{"rendered":"https:\/\/www.gtcendustriyel.com\/?post_type=product&#038;p=11818"},"modified":"2025-04-30T12:50:50","modified_gmt":"2025-04-30T09:50:50","slug":"sst1-23-yillik-model","status":"publish","type":"product","link":"https:\/\/www.gtcendustriyel.com\/en\/product\/sst1-23-yillik-model\/","title":{"rendered":"SST1 2&#038;3 y\u0131ll\u0131k model"},"content":{"rendered":"","protected":false},"excerpt":{"rendered":"<section class=\"av_textblock_section av-94r651-32e0a85e6e1f4fa170970b334d8c0dd3\">\n<div class=\"avia_textblock\">\n<p>\u00dcr\u00fcn \u0130\u00e7in Detayl\u0131 Bilgiye PDF \u00dczerinden Ula\u015fabilirsiniz<\/p>\n<\/div>\n<\/section>\n<div class=\"hr av-7nd0lx-bb571965a384e6d2f181501f44490722 hr-short avia-builder-el-7 el_after_av_textblock el_before_av_buttonrow hr-left\"><\/div>","protected":false},"featured_media":11840,"comment_status":"closed","ping_status":"closed","template":"","meta":[],"product_brand":[],"product_cat":[539],"product_tag":[],"class_list":{"0":"post-11818","1":"product","2":"type-product","3":"status-publish","4":"has-post-thumbnail","6":"product_cat-sst","8":"first","9":"instock","10":"taxable","11":"shipping-taxable","12":"purchasable","13":"product-type-simple"},"jetpack_sharing_enabled":true,"_links":{"self":[{"href":"https:\/\/www.gtcendustriyel.com\/en\/wp-json\/wp\/v2\/product\/11818","targetHints":{"allow":["GET"]}}],"collection":[{"href":"https:\/\/www.gtcendustriyel.com\/en\/wp-json\/wp\/v2\/product"}],"about":[{"href":"https:\/\/www.gtcendustriyel.com\/en\/wp-json\/wp\/v2\/types\/product"}],"replies":[{"embeddable":true,"href":"https:\/\/www.gtcendustriyel.com\/en\/wp-json\/wp\/v2\/comments?post=11818"}],"version-history":[{"count":0,"href":"https:\/\/www.gtcendustriyel.com\/en\/wp-json\/wp\/v2\/product\/11818\/revisions"}],"wp:featuredmedia":[{"embeddable":true,"href":"https:\/\/www.gtcendustriyel.com\/en\/wp-json\/wp\/v2\/media\/11840"}],"wp:attachment":[{"href":"https:\/\/www.gtcendustriyel.com\/en\/wp-json\/wp\/v2\/media?parent=11818"}],"wp:term":[{"taxonomy":"product_brand","embeddable":true,"href":"https:\/\/www.gtcendustriyel.com\/en\/wp-json\/wp\/v2\/product_brand?post=11818"},{"taxonomy":"product_cat","embeddable":true,"href":"https:\/\/www.gtcendustriyel.com\/en\/wp-json\/wp\/v2\/product_cat?post=11818"},{"taxonomy":"product_tag","embeddable":true,"href":"https:\/\/www.gtcendustriyel.com\/en\/wp-json\/wp\/v2\/product_tag?post=11818"}],"curies":[{"name":"wp","href":"https:\/\/api.w.org\/{rel}","templated":true}]}}