{"id":11815,"date":"2025-04-30T12:16:57","date_gmt":"2025-04-30T09:16:57","guid":{"rendered":"https:\/\/www.gtcendustriyel.com\/?post_type=product&#038;p=11815"},"modified":"2025-04-30T12:48:23","modified_gmt":"2025-04-30T09:48:23","slug":"sst1-bakimli","status":"publish","type":"product","link":"https:\/\/www.gtcendustriyel.com\/en\/product\/sst1-bakimli\/","title":{"rendered":"SST1 Bak\u0131ml\u0131"},"content":{"rendered":"","protected":false},"excerpt":{"rendered":"<section class=\"av_textblock_section av-9rf554-222afcbc202da953eabe7acf44d4eee7\">\n<div class=\"avia_textblock\">\n<p>\u00dcr\u00fcn \u0130\u00e7in Detayl\u0131 Bilgiye PDF \u00dczerinden Ula\u015fabilirsiniz<\/p>\n<\/div>\n<\/section>\n<div class=\"hr av-7tphx4-c0e897bc2e170de5c155ce741a943476 hr-short avia-builder-el-7 el_after_av_textblock el_before_av_buttonrow hr-left\"><\/div>","protected":false},"featured_media":11841,"comment_status":"closed","ping_status":"closed","template":"","meta":[],"product_brand":[],"product_cat":[539],"product_tag":[],"class_list":{"0":"post-11815","1":"product","2":"type-product","3":"status-publish","4":"has-post-thumbnail","6":"product_cat-sst","8":"first","9":"instock","10":"taxable","11":"shipping-taxable","12":"purchasable","13":"product-type-simple"},"jetpack_sharing_enabled":true,"_links":{"self":[{"href":"https:\/\/www.gtcendustriyel.com\/en\/wp-json\/wp\/v2\/product\/11815","targetHints":{"allow":["GET"]}}],"collection":[{"href":"https:\/\/www.gtcendustriyel.com\/en\/wp-json\/wp\/v2\/product"}],"about":[{"href":"https:\/\/www.gtcendustriyel.com\/en\/wp-json\/wp\/v2\/types\/product"}],"replies":[{"embeddable":true,"href":"https:\/\/www.gtcendustriyel.com\/en\/wp-json\/wp\/v2\/comments?post=11815"}],"version-history":[{"count":0,"href":"https:\/\/www.gtcendustriyel.com\/en\/wp-json\/wp\/v2\/product\/11815\/revisions"}],"wp:featuredmedia":[{"embeddable":true,"href":"https:\/\/www.gtcendustriyel.com\/en\/wp-json\/wp\/v2\/media\/11841"}],"wp:attachment":[{"href":"https:\/\/www.gtcendustriyel.com\/en\/wp-json\/wp\/v2\/media?parent=11815"}],"wp:term":[{"taxonomy":"product_brand","embeddable":true,"href":"https:\/\/www.gtcendustriyel.com\/en\/wp-json\/wp\/v2\/product_brand?post=11815"},{"taxonomy":"product_cat","embeddable":true,"href":"https:\/\/www.gtcendustriyel.com\/en\/wp-json\/wp\/v2\/product_cat?post=11815"},{"taxonomy":"product_tag","embeddable":true,"href":"https:\/\/www.gtcendustriyel.com\/en\/wp-json\/wp\/v2\/product_tag?post=11815"}],"curies":[{"name":"wp","href":"https:\/\/api.w.org\/{rel}","templated":true}]}}