{"id":11012,"date":"2023-04-28T12:52:44","date_gmt":"2023-04-28T12:52:44","guid":{"rendered":"https:\/\/gtcendustriyel.com\/urun\/aluminyum-kancali-kompakt-guvenlik-asma-kilidi\/"},"modified":"2023-05-23T10:04:20","modified_gmt":"2023-05-23T10:04:20","slug":"aluminyum-kancali-kompakt-guvenlik-asma-kilidi","status":"publish","type":"product","link":"https:\/\/www.gtcendustriyel.com\/en\/product\/aluminyum-kancali-kompakt-guvenlik-asma-kilidi\/","title":{"rendered":"AL\u00dcM\u0130NYUM KANCALI KOMPAKT G\u00dcVENL\u0130K ASMA K\u0130L\u0130D\u0130"},"content":{"rendered":"","protected":false},"excerpt":{"rendered":"<p>AL\u00dcM\u0130NYUM KANCALI KOMPAKT G\u00dcVENL\u0130K ASMA K\u0130L\u0130D\u0130\u00a0 REFERANS: BRADY 814117<\/p>","protected":false},"featured_media":11145,"comment_status":"open","ping_status":"closed","template":"","meta":[],"product_brand":[],"product_cat":[441],"product_tag":[],"class_list":{"0":"post-11012","1":"product","2":"type-product","3":"status-publish","4":"has-post-thumbnail","6":"product_cat-etiket","7":"pa_kanca-olcu-25-mm","8":"pa_kanca-olcu-38-mm","9":"pa_kanca-olcu-50-mm","10":"pa_kanca-olcu-75-mm","12":"first","13":"outofstock","14":"taxable","15":"shipping-taxable","16":"purchasable","17":"product-type-variable","18":"has-default-attributes"},"jetpack_sharing_enabled":true,"_links":{"self":[{"href":"https:\/\/www.gtcendustriyel.com\/en\/wp-json\/wp\/v2\/product\/11012","targetHints":{"allow":["GET"]}}],"collection":[{"href":"https:\/\/www.gtcendustriyel.com\/en\/wp-json\/wp\/v2\/product"}],"about":[{"href":"https:\/\/www.gtcendustriyel.com\/en\/wp-json\/wp\/v2\/types\/product"}],"replies":[{"embeddable":true,"href":"https:\/\/www.gtcendustriyel.com\/en\/wp-json\/wp\/v2\/comments?post=11012"}],"version-history":[{"count":0,"href":"https:\/\/www.gtcendustriyel.com\/en\/wp-json\/wp\/v2\/product\/11012\/revisions"}],"wp:featuredmedia":[{"embeddable":true,"href":"https:\/\/www.gtcendustriyel.com\/en\/wp-json\/wp\/v2\/media\/11145"}],"wp:attachment":[{"href":"https:\/\/www.gtcendustriyel.com\/en\/wp-json\/wp\/v2\/media?parent=11012"}],"wp:term":[{"taxonomy":"product_brand","embeddable":true,"href":"https:\/\/www.gtcendustriyel.com\/en\/wp-json\/wp\/v2\/product_brand?post=11012"},{"taxonomy":"product_cat","embeddable":true,"href":"https:\/\/www.gtcendustriyel.com\/en\/wp-json\/wp\/v2\/product_cat?post=11012"},{"taxonomy":"product_tag","embeddable":true,"href":"https:\/\/www.gtcendustriyel.com\/en\/wp-json\/wp\/v2\/product_tag?post=11012"}],"curies":[{"name":"wp","href":"https:\/\/api.w.org\/{rel}","templated":true}]}}