{"id":10998,"date":"2023-04-28T12:52:37","date_gmt":"2023-04-28T12:52:37","guid":{"rendered":"https:\/\/gtcendustriyel.com\/urun\/standart-surgulu-vana-kilidi\/"},"modified":"2023-05-09T13:01:00","modified_gmt":"2023-05-09T13:01:00","slug":"standart-surgulu-vana-kilidi","status":"publish","type":"product","link":"https:\/\/www.gtcendustriyel.com\/en\/product\/standart-surgulu-vana-kilidi\/","title":{"rendered":"STANDART S\u00dcRG\u00dcL\u00dc VANA K\u0130L\u0130D\u0130"},"content":{"rendered":"","protected":false},"excerpt":{"rendered":"<p>SARI REFERANS: BRADY 65590<\/p>","protected":false},"featured_media":11178,"comment_status":"open","ping_status":"closed","template":"","meta":[],"product_brand":[],"product_cat":[441],"product_tag":[],"class_list":{"0":"post-10998","1":"product","2":"type-product","3":"status-publish","4":"has-post-thumbnail","6":"product_cat-etiket","7":"pa_kanca-olcu-127-165-mm","8":"pa_kanca-olcu-165-254-mm","9":"pa_kanca-olcu-25-64-mm","10":"pa_kanca-olcu-254-330-mm","11":"pa_kanca-olcu-64-127-mm","13":"first","14":"instock","15":"taxable","16":"shipping-taxable","17":"purchasable","18":"product-type-variable"},"jetpack_sharing_enabled":true,"_links":{"self":[{"href":"https:\/\/www.gtcendustriyel.com\/en\/wp-json\/wp\/v2\/product\/10998","targetHints":{"allow":["GET"]}}],"collection":[{"href":"https:\/\/www.gtcendustriyel.com\/en\/wp-json\/wp\/v2\/product"}],"about":[{"href":"https:\/\/www.gtcendustriyel.com\/en\/wp-json\/wp\/v2\/types\/product"}],"replies":[{"embeddable":true,"href":"https:\/\/www.gtcendustriyel.com\/en\/wp-json\/wp\/v2\/comments?post=10998"}],"version-history":[{"count":0,"href":"https:\/\/www.gtcendustriyel.com\/en\/wp-json\/wp\/v2\/product\/10998\/revisions"}],"wp:featuredmedia":[{"embeddable":true,"href":"https:\/\/www.gtcendustriyel.com\/en\/wp-json\/wp\/v2\/media\/11178"}],"wp:attachment":[{"href":"https:\/\/www.gtcendustriyel.com\/en\/wp-json\/wp\/v2\/media?parent=10998"}],"wp:term":[{"taxonomy":"product_brand","embeddable":true,"href":"https:\/\/www.gtcendustriyel.com\/en\/wp-json\/wp\/v2\/product_brand?post=10998"},{"taxonomy":"product_cat","embeddable":true,"href":"https:\/\/www.gtcendustriyel.com\/en\/wp-json\/wp\/v2\/product_cat?post=10998"},{"taxonomy":"product_tag","embeddable":true,"href":"https:\/\/www.gtcendustriyel.com\/en\/wp-json\/wp\/v2\/product_tag?post=10998"}],"curies":[{"name":"wp","href":"https:\/\/api.w.org\/{rel}","templated":true}]}}