{"id":10970,"date":"2023-04-28T12:52:27","date_gmt":"2023-04-28T12:52:27","guid":{"rendered":"https:\/\/gtcendustriyel.com\/urun\/deliksiz-devre-kesici-kilidi-480-600-v\/"},"modified":"2023-05-09T10:35:11","modified_gmt":"2023-05-09T10:35:11","slug":"deliksiz-devre-kesici-kilidi-480-600-v","status":"publish","type":"product","link":"https:\/\/www.gtcendustriyel.com\/en\/product\/deliksiz-devre-kesici-kilidi-480-600-v\/","title":{"rendered":"DEL\u0130KS\u0130Z DEVRE KES\u0130C\u0130 K\u0130L\u0130D\u0130 (480\/600 V)"},"content":{"rendered":"","protected":false},"excerpt":{"rendered":"<p>KIRMIZI REFERANS: BRADY 65397<\/p>","protected":false},"featured_media":11212,"comment_status":"open","ping_status":"closed","template":"","meta":[],"product_brand":[],"product_cat":[441],"product_tag":[],"class_list":{"0":"post-10970","1":"product","2":"type-product","3":"status-publish","4":"has-post-thumbnail","6":"product_cat-etiket","8":"first","9":"outofstock","10":"taxable","11":"shipping-taxable","12":"purchasable","13":"product-type-simple"},"jetpack_sharing_enabled":true,"_links":{"self":[{"href":"https:\/\/www.gtcendustriyel.com\/en\/wp-json\/wp\/v2\/product\/10970","targetHints":{"allow":["GET"]}}],"collection":[{"href":"https:\/\/www.gtcendustriyel.com\/en\/wp-json\/wp\/v2\/product"}],"about":[{"href":"https:\/\/www.gtcendustriyel.com\/en\/wp-json\/wp\/v2\/types\/product"}],"replies":[{"embeddable":true,"href":"https:\/\/www.gtcendustriyel.com\/en\/wp-json\/wp\/v2\/comments?post=10970"}],"version-history":[{"count":0,"href":"https:\/\/www.gtcendustriyel.com\/en\/wp-json\/wp\/v2\/product\/10970\/revisions"}],"wp:featuredmedia":[{"embeddable":true,"href":"https:\/\/www.gtcendustriyel.com\/en\/wp-json\/wp\/v2\/media\/11212"}],"wp:attachment":[{"href":"https:\/\/www.gtcendustriyel.com\/en\/wp-json\/wp\/v2\/media?parent=10970"}],"wp:term":[{"taxonomy":"product_brand","embeddable":true,"href":"https:\/\/www.gtcendustriyel.com\/en\/wp-json\/wp\/v2\/product_brand?post=10970"},{"taxonomy":"product_cat","embeddable":true,"href":"https:\/\/www.gtcendustriyel.com\/en\/wp-json\/wp\/v2\/product_cat?post=10970"},{"taxonomy":"product_tag","embeddable":true,"href":"https:\/\/www.gtcendustriyel.com\/en\/wp-json\/wp\/v2\/product_tag?post=10970"}],"curies":[{"name":"wp","href":"https:\/\/api.w.org\/{rel}","templated":true}]}}