{"id":10959,"date":"2023-04-28T12:52:23","date_gmt":"2023-04-28T12:52:23","guid":{"rendered":"https:\/\/gtcendustriyel.com\/urun\/minyatur-devre-kesici-kilidi-pin-out-standard\/"},"modified":"2023-05-09T10:35:11","modified_gmt":"2023-05-09T10:35:11","slug":"minyatur-devre-kesici-kilidi-pin-out-standard","status":"publish","type":"product","link":"https:\/\/www.gtcendustriyel.com\/en\/product\/minyatur-devre-kesici-kilidi-pin-out-standard\/","title":{"rendered":"M\u0130NYAT\u00dcR DEVRE KES\u0130C\u0130 K\u0130L\u0130D\u0130 (PIN OUT STANDARD)"},"content":{"rendered":"","protected":false},"excerpt":{"rendered":"<p>KIRMIZI REFERANS: BRADY 90844<\/p>","protected":false},"featured_media":11268,"comment_status":"open","ping_status":"closed","template":"","meta":[],"product_brand":[],"product_cat":[441],"product_tag":[],"class_list":{"0":"post-10959","1":"product","2":"type-product","3":"status-publish","4":"has-post-thumbnail","6":"product_cat-etiket","8":"first","9":"outofstock","10":"taxable","11":"shipping-taxable","12":"purchasable","13":"product-type-simple"},"jetpack_sharing_enabled":true,"_links":{"self":[{"href":"https:\/\/www.gtcendustriyel.com\/en\/wp-json\/wp\/v2\/product\/10959","targetHints":{"allow":["GET"]}}],"collection":[{"href":"https:\/\/www.gtcendustriyel.com\/en\/wp-json\/wp\/v2\/product"}],"about":[{"href":"https:\/\/www.gtcendustriyel.com\/en\/wp-json\/wp\/v2\/types\/product"}],"replies":[{"embeddable":true,"href":"https:\/\/www.gtcendustriyel.com\/en\/wp-json\/wp\/v2\/comments?post=10959"}],"version-history":[{"count":0,"href":"https:\/\/www.gtcendustriyel.com\/en\/wp-json\/wp\/v2\/product\/10959\/revisions"}],"wp:featuredmedia":[{"embeddable":true,"href":"https:\/\/www.gtcendustriyel.com\/en\/wp-json\/wp\/v2\/media\/11268"}],"wp:attachment":[{"href":"https:\/\/www.gtcendustriyel.com\/en\/wp-json\/wp\/v2\/media?parent=10959"}],"wp:term":[{"taxonomy":"product_brand","embeddable":true,"href":"https:\/\/www.gtcendustriyel.com\/en\/wp-json\/wp\/v2\/product_brand?post=10959"},{"taxonomy":"product_cat","embeddable":true,"href":"https:\/\/www.gtcendustriyel.com\/en\/wp-json\/wp\/v2\/product_cat?post=10959"},{"taxonomy":"product_tag","embeddable":true,"href":"https:\/\/www.gtcendustriyel.com\/en\/wp-json\/wp\/v2\/product_tag?post=10959"}],"curies":[{"name":"wp","href":"https:\/\/api.w.org\/{rel}","templated":true}]}}