{"id":10949,"date":"2023-04-28T12:52:18","date_gmt":"2023-04-28T12:52:18","guid":{"rendered":"https:\/\/gtcendustriyel.com\/urun\/guvenlik-coklayicisi-kanca-genisligi-38-mm-2\/"},"modified":"2023-05-09T10:35:10","modified_gmt":"2023-05-09T10:35:10","slug":"guvenlik-coklayicisi-kanca-genisligi-38-mm-2","status":"publish","type":"product","link":"https:\/\/www.gtcendustriyel.com\/en\/product\/guvenlik-coklayicisi-kanca-genisligi-38-mm-2\/","title":{"rendered":"G\u00dcVENL\u0130K \u00c7OKLAYICISI SARI (KANCA GEN\u0130\u015eL\u0130\u011e\u0130: 38 MM)"},"content":{"rendered":"","protected":false},"excerpt":{"rendered":"<p>6 K\u0130L\u0130TL\u0130K,\u00a0 REFERANS: BRADY 805843<\/p>","protected":false},"featured_media":11303,"comment_status":"open","ping_status":"closed","template":"","meta":[],"product_brand":[],"product_cat":[441],"product_tag":[],"class_list":{"0":"post-10949","1":"product","2":"type-product","3":"status-publish","4":"has-post-thumbnail","6":"product_cat-etiket","8":"first","9":"outofstock","10":"taxable","11":"shipping-taxable","12":"purchasable","13":"product-type-simple"},"jetpack_sharing_enabled":true,"_links":{"self":[{"href":"https:\/\/www.gtcendustriyel.com\/en\/wp-json\/wp\/v2\/product\/10949","targetHints":{"allow":["GET"]}}],"collection":[{"href":"https:\/\/www.gtcendustriyel.com\/en\/wp-json\/wp\/v2\/product"}],"about":[{"href":"https:\/\/www.gtcendustriyel.com\/en\/wp-json\/wp\/v2\/types\/product"}],"replies":[{"embeddable":true,"href":"https:\/\/www.gtcendustriyel.com\/en\/wp-json\/wp\/v2\/comments?post=10949"}],"version-history":[{"count":0,"href":"https:\/\/www.gtcendustriyel.com\/en\/wp-json\/wp\/v2\/product\/10949\/revisions"}],"wp:featuredmedia":[{"embeddable":true,"href":"https:\/\/www.gtcendustriyel.com\/en\/wp-json\/wp\/v2\/media\/11303"}],"wp:attachment":[{"href":"https:\/\/www.gtcendustriyel.com\/en\/wp-json\/wp\/v2\/media?parent=10949"}],"wp:term":[{"taxonomy":"product_brand","embeddable":true,"href":"https:\/\/www.gtcendustriyel.com\/en\/wp-json\/wp\/v2\/product_brand?post=10949"},{"taxonomy":"product_cat","embeddable":true,"href":"https:\/\/www.gtcendustriyel.com\/en\/wp-json\/wp\/v2\/product_cat?post=10949"},{"taxonomy":"product_tag","embeddable":true,"href":"https:\/\/www.gtcendustriyel.com\/en\/wp-json\/wp\/v2\/product_tag?post=10949"}],"curies":[{"name":"wp","href":"https:\/\/api.w.org\/{rel}","templated":true}]}}