{"id":10946,"date":"2023-04-28T12:52:17","date_gmt":"2023-04-28T12:52:17","guid":{"rendered":"https:\/\/gtcendustriyel.com\/urun\/guvenlik-coklayicisi-kanca-genisligi-25-mm\/"},"modified":"2023-05-09T10:35:10","modified_gmt":"2023-05-09T10:35:10","slug":"guvenlik-coklayicisi-kanca-genisligi-25-mm","status":"publish","type":"product","link":"https:\/\/www.gtcendustriyel.com\/en\/product\/guvenlik-coklayicisi-kanca-genisligi-25-mm\/","title":{"rendered":"G\u00dcVENL\u0130K \u00c7OKLAYICISI KIRMIZI (KANCA GEN\u0130\u015eL\u0130\u011e\u0130: 25 MM)"},"content":{"rendered":"","protected":false},"excerpt":{"rendered":"<p>6 K\u0130L\u0130TL\u0130K,\u00a0 \u00a0REFERANS: BRADY 805840<\/p>","protected":false},"featured_media":11304,"comment_status":"open","ping_status":"closed","template":"","meta":[],"product_brand":[],"product_cat":[441],"product_tag":[],"class_list":{"0":"post-10946","1":"product","2":"type-product","3":"status-publish","4":"has-post-thumbnail","6":"product_cat-etiket","8":"first","9":"outofstock","10":"taxable","11":"shipping-taxable","12":"purchasable","13":"product-type-simple"},"jetpack_sharing_enabled":true,"_links":{"self":[{"href":"https:\/\/www.gtcendustriyel.com\/en\/wp-json\/wp\/v2\/product\/10946","targetHints":{"allow":["GET"]}}],"collection":[{"href":"https:\/\/www.gtcendustriyel.com\/en\/wp-json\/wp\/v2\/product"}],"about":[{"href":"https:\/\/www.gtcendustriyel.com\/en\/wp-json\/wp\/v2\/types\/product"}],"replies":[{"embeddable":true,"href":"https:\/\/www.gtcendustriyel.com\/en\/wp-json\/wp\/v2\/comments?post=10946"}],"version-history":[{"count":0,"href":"https:\/\/www.gtcendustriyel.com\/en\/wp-json\/wp\/v2\/product\/10946\/revisions"}],"wp:featuredmedia":[{"embeddable":true,"href":"https:\/\/www.gtcendustriyel.com\/en\/wp-json\/wp\/v2\/media\/11304"}],"wp:attachment":[{"href":"https:\/\/www.gtcendustriyel.com\/en\/wp-json\/wp\/v2\/media?parent=10946"}],"wp:term":[{"taxonomy":"product_brand","embeddable":true,"href":"https:\/\/www.gtcendustriyel.com\/en\/wp-json\/wp\/v2\/product_brand?post=10946"},{"taxonomy":"product_cat","embeddable":true,"href":"https:\/\/www.gtcendustriyel.com\/en\/wp-json\/wp\/v2\/product_cat?post=10946"},{"taxonomy":"product_tag","embeddable":true,"href":"https:\/\/www.gtcendustriyel.com\/en\/wp-json\/wp\/v2\/product_tag?post=10946"}],"curies":[{"name":"wp","href":"https:\/\/api.w.org\/{rel}","templated":true}]}}