{"id":10941,"date":"2023-04-28T12:52:15","date_gmt":"2023-04-28T12:52:15","guid":{"rendered":"https:\/\/gtcendustriyel.com\/urun\/kompakt-kablolu-guvenlik-asma-kilitleri\/"},"modified":"2023-05-09T10:35:13","modified_gmt":"2023-05-09T10:35:13","slug":"kompakt-kablolu-guvenlik-asma-kilitleri","status":"publish","type":"product","link":"https:\/\/www.gtcendustriyel.com\/en\/product\/kompakt-kablolu-guvenlik-asma-kilitleri\/","title":{"rendered":"KOMPAKT KABLOLU G\u00dcVENL\u0130K ASMA K\u0130L\u0130TLER\u0130"},"content":{"rendered":"","protected":false},"excerpt":{"rendered":"<p>KANCA BOYU: 106,68 MM, KIRMIZI\u00a0 REFERANS: BRADY 195972<\/p>","protected":false},"featured_media":11317,"comment_status":"open","ping_status":"closed","template":"","meta":[],"product_brand":[],"product_cat":[441],"product_tag":[],"class_list":{"0":"post-10941","1":"product","2":"type-product","3":"status-publish","4":"has-post-thumbnail","6":"product_cat-etiket","7":"pa_kanca-olcu-10668-mm","8":"pa_kanca-olcu-20320-mm","10":"first","11":"outofstock","12":"taxable","13":"shipping-taxable","14":"purchasable","15":"product-type-variable"},"jetpack_sharing_enabled":true,"_links":{"self":[{"href":"https:\/\/www.gtcendustriyel.com\/en\/wp-json\/wp\/v2\/product\/10941","targetHints":{"allow":["GET"]}}],"collection":[{"href":"https:\/\/www.gtcendustriyel.com\/en\/wp-json\/wp\/v2\/product"}],"about":[{"href":"https:\/\/www.gtcendustriyel.com\/en\/wp-json\/wp\/v2\/types\/product"}],"replies":[{"embeddable":true,"href":"https:\/\/www.gtcendustriyel.com\/en\/wp-json\/wp\/v2\/comments?post=10941"}],"version-history":[{"count":0,"href":"https:\/\/www.gtcendustriyel.com\/en\/wp-json\/wp\/v2\/product\/10941\/revisions"}],"wp:featuredmedia":[{"embeddable":true,"href":"https:\/\/www.gtcendustriyel.com\/en\/wp-json\/wp\/v2\/media\/11317"}],"wp:attachment":[{"href":"https:\/\/www.gtcendustriyel.com\/en\/wp-json\/wp\/v2\/media?parent=10941"}],"wp:term":[{"taxonomy":"product_brand","embeddable":true,"href":"https:\/\/www.gtcendustriyel.com\/en\/wp-json\/wp\/v2\/product_brand?post=10941"},{"taxonomy":"product_cat","embeddable":true,"href":"https:\/\/www.gtcendustriyel.com\/en\/wp-json\/wp\/v2\/product_cat?post=10941"},{"taxonomy":"product_tag","embeddable":true,"href":"https:\/\/www.gtcendustriyel.com\/en\/wp-json\/wp\/v2\/product_tag?post=10941"}],"curies":[{"name":"wp","href":"https:\/\/api.w.org\/{rel}","templated":true}]}}