{"id":10628,"date":"2022-11-17T09:47:24","date_gmt":"2022-11-17T09:47:24","guid":{"rendered":"https:\/\/gtcendustriyel.com\/?post_type=product&#038;p=10628"},"modified":"2025-09-29T10:10:12","modified_gmt":"2025-09-29T07:10:12","slug":"gtc-endustriyel-alev-almaz-kaban-poseidon","status":"publish","type":"product","link":"https:\/\/www.gtcendustriyel.com\/en\/product\/gtc-endustriyel-alev-almaz-kaban-poseidon\/","title":{"rendered":"GTC END\u00dcSTR\u0130YEL ALEV ALMAZ KABAN POSE\u0130DON"},"content":{"rendered":"","protected":false},"excerpt":{"rendered":"<div class=\"kumas-ozellik\">\n<div class=\"kumas-ozellik\">\n<h4><u>Ready Made Product CE Certification:<\/u><\/h4>\n<div class=\"sertifika-list\"><strong>EN 11612 A1 A2 B1 C1 F1:<\/strong>\u00a0Heat and Flame Protective Clothing<br \/>\n<b>EN 1149-5:\u00a0<\/b>Electrostatic Properties<br \/>\n<b>IEC 61482-1-2 Class 1:\u00a0<\/b>Protective Clothing Against Electric Arc Thermal Risk<\/div>\n<div><\/div>\n<div class=\"kumas-ozellik\"><strong><u>Fabric Information:<\/u><\/strong><\/div>\n<div class=\"kumas-ozellik\">Poseidon Kuma\u015f<br \/>\nFlameproof &amp; Antistatic<\/div>\n<\/div>\n<div>\n<ul>\n<li>%80 Pamuk<\/li>\n<li>%19 Polyester<\/li>\n<li>1% Antistatic<\/li>\n<\/ul>\n<p><a href=\"https:\/\/www.gtcendustriyel.com\/wp-content\/uploads\/2024\/08\/POSEIDON-KABAN-ETIKET.pdf\"><strong>Poseidon \u00dcr\u00fcn Etiketi\u00a0<\/strong><\/a><\/p>\n<p><a href=\"https:\/\/www.gtcendustriyel.com\/wp-content\/uploads\/2022\/11\/ISW-4503-PR-ISMONTPRO-Coat.pdf\"><strong>Poseidon Kaban \u00dcr\u00fcn Sertifikas\u0131\u00a0<\/strong><\/a><\/p>\n<\/div>\n<\/div>","protected":false},"featured_media":10640,"comment_status":"open","ping_status":"closed","template":"","meta":[],"product_brand":[],"product_cat":[115],"product_tag":[392,439],"class_list":{"0":"post-10628","1":"product","2":"type-product","3":"status-publish","4":"has-post-thumbnail","6":"product_cat-alev-almaz-urunler","7":"product_tag-alev-almaz","8":"product_tag-kaban","10":"first","11":"instock","12":"taxable","13":"shipping-taxable","14":"product-type-simple"},"jetpack_sharing_enabled":true,"_links":{"self":[{"href":"https:\/\/www.gtcendustriyel.com\/en\/wp-json\/wp\/v2\/product\/10628","targetHints":{"allow":["GET"]}}],"collection":[{"href":"https:\/\/www.gtcendustriyel.com\/en\/wp-json\/wp\/v2\/product"}],"about":[{"href":"https:\/\/www.gtcendustriyel.com\/en\/wp-json\/wp\/v2\/types\/product"}],"replies":[{"embeddable":true,"href":"https:\/\/www.gtcendustriyel.com\/en\/wp-json\/wp\/v2\/comments?post=10628"}],"version-history":[{"count":0,"href":"https:\/\/www.gtcendustriyel.com\/en\/wp-json\/wp\/v2\/product\/10628\/revisions"}],"wp:featuredmedia":[{"embeddable":true,"href":"https:\/\/www.gtcendustriyel.com\/en\/wp-json\/wp\/v2\/media\/10640"}],"wp:attachment":[{"href":"https:\/\/www.gtcendustriyel.com\/en\/wp-json\/wp\/v2\/media?parent=10628"}],"wp:term":[{"taxonomy":"product_brand","embeddable":true,"href":"https:\/\/www.gtcendustriyel.com\/en\/wp-json\/wp\/v2\/product_brand?post=10628"},{"taxonomy":"product_cat","embeddable":true,"href":"https:\/\/www.gtcendustriyel.com\/en\/wp-json\/wp\/v2\/product_cat?post=10628"},{"taxonomy":"product_tag","embeddable":true,"href":"https:\/\/www.gtcendustriyel.com\/en\/wp-json\/wp\/v2\/product_tag?post=10628"}],"curies":[{"name":"wp","href":"https:\/\/api.w.org\/{rel}","templated":true}]}}