{"id":10612,"date":"2022-10-19T08:10:08","date_gmt":"2022-10-19T08:10:08","guid":{"rendered":"https:\/\/gtcendustriyel.com\/?post_type=product&#038;p=10612"},"modified":"2023-03-02T07:21:14","modified_gmt":"2023-03-02T07:21:14","slug":"industrial-scientific-ventis-mx4-gaz-olcum-cihazi","status":"publish","type":"product","link":"https:\/\/www.gtcendustriyel.com\/en\/product\/industrial-scientific-ventis-mx4-gaz-olcum-cihazi\/","title":{"rendered":"INDUSTRIAL SCIENTIFIC VENT\u0130S MX4 GAZ \u00d6L\u00c7\u00dcM C\u0130HAZI"},"content":{"rendered":"","protected":false},"excerpt":{"rendered":"<h3>Genel \u00d6zellikler:<\/h3>\n<ul>\n<li>MX4-Ventis i\u015f ve i\u015f\u00e7i g\u00fcvenli\u011fi i\u00e7in \u00fcretilmi\u015f \u00fcst segment bir gaz dedekt\u00f6r\u00fcd\u00fcr<\/li>\n<li>4 fakl\u0131 gaz\u0131n ayn\u0131 anda \u00f6l\u00e7\u00fclebilmesi<\/li>\n<li>\u0130ste\u011fe ba\u011fl\u0131 olarak \u00f6rnekleme pompas\u0131 ile 30 metreye kadar \u00f6l\u00e7\u00fcm yap\u0131labilmesi<\/li>\n<li>\u00dcst seviye cihaz g\u00fcvenli\u011fi<\/li>\n<li>Tek \u015farj ile 20 saate kadar \u00e7al\u0131\u015fabilme<\/li>\n<li>G\u00fc\u00e7l\u00fc ve sa\u011flam tasar\u0131m\u0131 ile her t\u00fcrl\u00fc end\u00fcstriyel ortama uyum sa\u011flar<\/li>\n<li>Kompakt ve k\u00fc\u00e7\u00fck yap\u0131s\u0131 ile kolay ta\u015f\u0131nabilme imkan\u0131<\/li>\n<li>IP66-67 koruma s\u0131n\u0131f\u0131<\/li>\n<li>Tek gazdan 4 gaza konfig\u00fcre edilebilme imkan\u0131<\/li>\n<li>\u015earj edilebilir pilleri ile g\u00fcn boyunca kesintisiz kullan\u0131m sa\u011flar<\/li>\n<li>Datalogger ile veri aktar\u0131m\u0131na gerek kalmadan LCD ekran \u00fczerinden olay kay\u0131tlar\u0131n\u0131 takip edilmesi<\/li>\n<li>Sesli, g\u00f6rsel ve titre\u015fim alarm\u0131<\/li>\n<li>TWA ve STEL \u00f6l\u00e7\u00fcmeri ve alarm<\/li>\n<\/ul>","protected":false},"featured_media":10613,"comment_status":"open","ping_status":"closed","template":"","meta":[],"product_brand":[],"product_cat":[78],"product_tag":[270,436,435,434],"class_list":{"0":"post-10612","1":"product","2":"type-product","3":"status-publish","4":"has-post-thumbnail","6":"product_cat-gaz-olcum-cihazlari","7":"product_tag-gaz-olcum-cihazi","8":"product_tag-industrial-scientific","9":"product_tag-mx4","10":"product_tag-ventis","12":"first","13":"instock","14":"taxable","15":"shipping-taxable","16":"purchasable","17":"product-type-simple"},"jetpack_sharing_enabled":true,"_links":{"self":[{"href":"https:\/\/www.gtcendustriyel.com\/en\/wp-json\/wp\/v2\/product\/10612","targetHints":{"allow":["GET"]}}],"collection":[{"href":"https:\/\/www.gtcendustriyel.com\/en\/wp-json\/wp\/v2\/product"}],"about":[{"href":"https:\/\/www.gtcendustriyel.com\/en\/wp-json\/wp\/v2\/types\/product"}],"replies":[{"embeddable":true,"href":"https:\/\/www.gtcendustriyel.com\/en\/wp-json\/wp\/v2\/comments?post=10612"}],"version-history":[{"count":0,"href":"https:\/\/www.gtcendustriyel.com\/en\/wp-json\/wp\/v2\/product\/10612\/revisions"}],"wp:featuredmedia":[{"embeddable":true,"href":"https:\/\/www.gtcendustriyel.com\/en\/wp-json\/wp\/v2\/media\/10613"}],"wp:attachment":[{"href":"https:\/\/www.gtcendustriyel.com\/en\/wp-json\/wp\/v2\/media?parent=10612"}],"wp:term":[{"taxonomy":"product_brand","embeddable":true,"href":"https:\/\/www.gtcendustriyel.com\/en\/wp-json\/wp\/v2\/product_brand?post=10612"},{"taxonomy":"product_cat","embeddable":true,"href":"https:\/\/www.gtcendustriyel.com\/en\/wp-json\/wp\/v2\/product_cat?post=10612"},{"taxonomy":"product_tag","embeddable":true,"href":"https:\/\/www.gtcendustriyel.com\/en\/wp-json\/wp\/v2\/product_tag?post=10612"}],"curies":[{"name":"wp","href":"https:\/\/api.w.org\/{rel}","templated":true}]}}