{"id":10606,"date":"2022-10-12T09:17:11","date_gmt":"2022-10-12T09:17:11","guid":{"rendered":"https:\/\/gtcendustriyel.com\/?post_type=product&#038;p=10606"},"modified":"2022-10-12T09:17:12","modified_gmt":"2022-10-12T09:17:12","slug":"univet-625-03-00-00-seffaf-polikarbonat-bas-lastikli-google-gozluk","status":"publish","type":"product","link":"https:\/\/www.gtcendustriyel.com\/en\/product\/univet-625-03-00-00-seffaf-polikarbonat-bas-lastikli-google-gozluk\/","title":{"rendered":"UNIVET 625.03.00.00 \u015eEFFAF POL\u0130KARBONAT BA\u015e LAST\u0130KL\u0130 GOOGLE G\u00d6ZL\u00dcK"},"content":{"rendered":"","protected":false},"excerpt":{"rendered":"<p>Son derece hafif ve di\u011fer kkd ekipmanlar\u0131 ile uyumlu olan 625 g\u00f6zl\u00fck, daha iyi bir yan koruma i\u00e7in geni\u015f panoramik lens ile donat\u0131lm\u0131\u015ft\u0131r ve ekstrem ortamlarda bile \u00fcst d\u00fczey bu\u011fu direnci sa\u011flayan Vanguard PLUS kaplamaya sahiptir. Ayarlanabilir elastik bant ve termoplastik \u00e7er\u00e7evesi ile y\u00fczdeki bas\u0131nc\u0131 minimize eder, s\u0131\u00e7ramalara ve b\u00fcy\u00fck boyutlu toz par\u00e7ac\u0131klar\u0131na kar\u015f\u0131 koruma sa\u011flar.<\/p>\n<table border=\"0\">\n<tbody>\n<tr>\n<td><b>Teknik \u00d6zellik<\/b><\/td>\n<td><b>A\u00e7\u0131klama<\/b><\/td>\n<\/tr>\n<tr>\n<td>Weight<\/td>\n<td>39 gr.<\/td>\n<\/tr>\n<tr>\n<td>EN Standart\u0131<\/td>\n<td>EN 166, EN 170<\/td>\n<\/tr>\n<tr>\n<td>Kullan\u0131m alan\u0131\/Sekt\u00f6r<\/td>\n<td>Mechanical work in good visibility conditions<\/td>\n<\/tr>\n<tr>\n<td>Lens \u0130\u015faretleme<\/td>\n<td>2C-1.2 U 1 B K N &#8211; 166 3 4 B CE<\/td>\n<\/tr>\n<tr>\n<td>Lens \u00d6zellli\u011fi<\/td>\n<td>AS\/AF (KN &#8211; Vanguard PLUS)<\/td>\n<\/tr>\n<tr>\n<td>Lens Color<\/td>\n<td>Transparent<\/td>\n<\/tr>\n<tr>\n<td>Material<\/td>\n<td>Polikarbonat<\/td>\n<\/tr>\n<tr>\n<td>Risk grubu<\/td>\n<td>Kategori II<\/td>\n<\/tr>\n<\/tbody>\n<\/table>","protected":false},"featured_media":10607,"comment_status":"open","ping_status":"closed","template":"","meta":[],"product_brand":[],"product_cat":[127],"product_tag":[230,363],"class_list":{"0":"post-10606","1":"product","2":"type-product","3":"status-publish","4":"has-post-thumbnail","6":"product_cat-goz-koruyucular","7":"product_tag-google-gozluk","8":"product_tag-univet","10":"first","11":"instock","12":"taxable","13":"shipping-taxable","14":"purchasable","15":"product-type-simple"},"jetpack_sharing_enabled":true,"_links":{"self":[{"href":"https:\/\/www.gtcendustriyel.com\/en\/wp-json\/wp\/v2\/product\/10606","targetHints":{"allow":["GET"]}}],"collection":[{"href":"https:\/\/www.gtcendustriyel.com\/en\/wp-json\/wp\/v2\/product"}],"about":[{"href":"https:\/\/www.gtcendustriyel.com\/en\/wp-json\/wp\/v2\/types\/product"}],"replies":[{"embeddable":true,"href":"https:\/\/www.gtcendustriyel.com\/en\/wp-json\/wp\/v2\/comments?post=10606"}],"version-history":[{"count":0,"href":"https:\/\/www.gtcendustriyel.com\/en\/wp-json\/wp\/v2\/product\/10606\/revisions"}],"wp:featuredmedia":[{"embeddable":true,"href":"https:\/\/www.gtcendustriyel.com\/en\/wp-json\/wp\/v2\/media\/10607"}],"wp:attachment":[{"href":"https:\/\/www.gtcendustriyel.com\/en\/wp-json\/wp\/v2\/media?parent=10606"}],"wp:term":[{"taxonomy":"product_brand","embeddable":true,"href":"https:\/\/www.gtcendustriyel.com\/en\/wp-json\/wp\/v2\/product_brand?post=10606"},{"taxonomy":"product_cat","embeddable":true,"href":"https:\/\/www.gtcendustriyel.com\/en\/wp-json\/wp\/v2\/product_cat?post=10606"},{"taxonomy":"product_tag","embeddable":true,"href":"https:\/\/www.gtcendustriyel.com\/en\/wp-json\/wp\/v2\/product_tag?post=10606"}],"curies":[{"name":"wp","href":"https:\/\/api.w.org\/{rel}","templated":true}]}}