{"id":10554,"date":"2022-08-19T09:06:29","date_gmt":"2022-08-19T09:06:29","guid":{"rendered":"https:\/\/gtcendustriyel.com\/?post_type=product&#038;p=10554"},"modified":"2023-03-04T10:42:42","modified_gmt":"2023-03-04T10:42:42","slug":"kaan-gri-suet-s1-celik-burunlu-ayakkabi","status":"publish","type":"product","link":"https:\/\/www.gtcendustriyel.com\/en\/product\/kaan-gri-suet-s1-celik-burunlu-ayakkabi\/","title":{"rendered":"KAAN GR\u0130 S\u00dcET S1 \u00c7EL\u0130K BURUNLU AYAKKABI"},"content":{"rendered":"","protected":false},"excerpt":{"rendered":"<ul>\n<li>Kullan\u0131m Alan\u0131: \u0130\u015f G\u00fcvenli\u011fi<\/li>\n<li>Standart: EN ISO 20345 \u2013 S1 \/ S1P<\/li>\n<li>Malzeme: Nefes Alabilir Hakiki S\u00fcet Deri \u2013 \u00c7elik Burun<\/li>\n<li>\u00c7elik Taban<\/li>\n<li>Enjeksiyon Taban<\/li>\n<li>D\u0131\u015f saya hakiki deriden yap\u0131lm\u0131\u015ft\u0131r.<\/li>\n<li>3D nefes alabilen \u00f6rg\u00fcl\u00fc i\u00e7 hava par\u00e7as. Kullan\u0131m\u0131 maksimum d\u00fczeyde geli\u015fti.<\/li>\n<li>Temel poli\u00fcretan enjeksiyon tekni\u011fi. Bu sayede konfor ve dayan\u0131kl\u0131l\u0131k artar.<\/li>\n<li>Kal\u0131b\u0131n anatomik yap\u0131s\u0131nda ve burun korumas\u0131n\u0131n bir k\u0131sm\u0131nda en rahat formlar g\u00fcvenliklerinde tercih edildi.<\/li>\n<li>\u0130\u015f g\u00fcvenli\u011fine uygun olarak ek taban korumas\u0131 ve su itici g\u00fc\u00e7. Karakteristik \u00f6zelliklerinden dolay\u0131 S1P ve S3 standartlar\u0131na g\u00f6re \u00fcretilebilir.<\/li>\n<\/ul>","protected":false},"featured_media":10565,"comment_status":"open","ping_status":"closed","template":"","meta":[],"product_brand":[],"product_cat":[72],"product_tag":[213,430,429,254],"class_list":{"0":"post-10554","1":"product","2":"type-product","3":"status-publish","4":"has-post-thumbnail","6":"product_cat-ayakkabilar","7":"product_tag-ayakkabi","8":"product_tag-celik-burunlu","9":"product_tag-kaan","10":"product_tag-s1","12":"first","13":"instock","14":"taxable","15":"shipping-taxable","16":"purchasable","17":"product-type-variable"},"jetpack_sharing_enabled":true,"_links":{"self":[{"href":"https:\/\/www.gtcendustriyel.com\/en\/wp-json\/wp\/v2\/product\/10554","targetHints":{"allow":["GET"]}}],"collection":[{"href":"https:\/\/www.gtcendustriyel.com\/en\/wp-json\/wp\/v2\/product"}],"about":[{"href":"https:\/\/www.gtcendustriyel.com\/en\/wp-json\/wp\/v2\/types\/product"}],"replies":[{"embeddable":true,"href":"https:\/\/www.gtcendustriyel.com\/en\/wp-json\/wp\/v2\/comments?post=10554"}],"version-history":[{"count":0,"href":"https:\/\/www.gtcendustriyel.com\/en\/wp-json\/wp\/v2\/product\/10554\/revisions"}],"wp:featuredmedia":[{"embeddable":true,"href":"https:\/\/www.gtcendustriyel.com\/en\/wp-json\/wp\/v2\/media\/10565"}],"wp:attachment":[{"href":"https:\/\/www.gtcendustriyel.com\/en\/wp-json\/wp\/v2\/media?parent=10554"}],"wp:term":[{"taxonomy":"product_brand","embeddable":true,"href":"https:\/\/www.gtcendustriyel.com\/en\/wp-json\/wp\/v2\/product_brand?post=10554"},{"taxonomy":"product_cat","embeddable":true,"href":"https:\/\/www.gtcendustriyel.com\/en\/wp-json\/wp\/v2\/product_cat?post=10554"},{"taxonomy":"product_tag","embeddable":true,"href":"https:\/\/www.gtcendustriyel.com\/en\/wp-json\/wp\/v2\/product_tag?post=10554"}],"curies":[{"name":"wp","href":"https:\/\/api.w.org\/{rel}","templated":true}]}}