{"id":10547,"date":"2022-08-19T08:14:30","date_gmt":"2022-08-19T08:14:30","guid":{"rendered":"https:\/\/gtcendustriyel.com\/?post_type=product&#038;p=10547"},"modified":"2022-08-19T08:14:30","modified_gmt":"2022-08-19T08:14:30","slug":"delta-plus-toutravo-ve509-kimyasal-is-eldiveni","status":"publish","type":"product","link":"https:\/\/www.gtcendustriyel.com\/en\/product\/delta-plus-toutravo-ve509-kimyasal-is-eldiveni\/","title":{"rendered":"DELTA PLUS TOUTRAVO VE509 K\u0130MYASAL \u0130\u015e ELD\u0130VEN\u0130"},"content":{"rendered":"","protected":false},"excerpt":{"rendered":"<p><span>Pamuk astarl\u0131 neopren. Uzunluk: 30 cm. Kal\u0131nl\u0131k: 0,75 mm.<br \/>\nDestek:% 100 neopren.<br \/>\nFloklama:% 100 pamuk.<\/span><\/p>","protected":false},"featured_media":10549,"comment_status":"open","ping_status":"closed","template":"","meta":[],"product_brand":[],"product_cat":[108,123],"product_tag":[],"class_list":{"0":"post-10547","1":"product","2":"type-product","3":"status-publish","4":"has-post-thumbnail","6":"product_cat-delta-plus","7":"product_cat-eldivenler","9":"first","10":"instock","11":"taxable","12":"shipping-taxable","13":"purchasable","14":"product-type-variable"},"jetpack_sharing_enabled":true,"_links":{"self":[{"href":"https:\/\/www.gtcendustriyel.com\/en\/wp-json\/wp\/v2\/product\/10547","targetHints":{"allow":["GET"]}}],"collection":[{"href":"https:\/\/www.gtcendustriyel.com\/en\/wp-json\/wp\/v2\/product"}],"about":[{"href":"https:\/\/www.gtcendustriyel.com\/en\/wp-json\/wp\/v2\/types\/product"}],"replies":[{"embeddable":true,"href":"https:\/\/www.gtcendustriyel.com\/en\/wp-json\/wp\/v2\/comments?post=10547"}],"version-history":[{"count":0,"href":"https:\/\/www.gtcendustriyel.com\/en\/wp-json\/wp\/v2\/product\/10547\/revisions"}],"wp:featuredmedia":[{"embeddable":true,"href":"https:\/\/www.gtcendustriyel.com\/en\/wp-json\/wp\/v2\/media\/10549"}],"wp:attachment":[{"href":"https:\/\/www.gtcendustriyel.com\/en\/wp-json\/wp\/v2\/media?parent=10547"}],"wp:term":[{"taxonomy":"product_brand","embeddable":true,"href":"https:\/\/www.gtcendustriyel.com\/en\/wp-json\/wp\/v2\/product_brand?post=10547"},{"taxonomy":"product_cat","embeddable":true,"href":"https:\/\/www.gtcendustriyel.com\/en\/wp-json\/wp\/v2\/product_cat?post=10547"},{"taxonomy":"product_tag","embeddable":true,"href":"https:\/\/www.gtcendustriyel.com\/en\/wp-json\/wp\/v2\/product_tag?post=10547"}],"curies":[{"name":"wp","href":"https:\/\/api.w.org\/{rel}","templated":true}]}}