{"id":10231,"date":"2022-06-21T08:07:54","date_gmt":"2022-06-21T05:07:54","guid":{"rendered":"https:\/\/gtcendustriyel.com\/?post_type=product&#038;p=10231"},"modified":"2025-09-29T10:10:06","modified_gmt":"2025-09-29T07:10:06","slug":"gtc-nomex-alev-almaz-gomlek","status":"publish","type":"product","link":"https:\/\/www.gtcendustriyel.com\/en\/product\/gtc-nomex-alev-almaz-gomlek\/","title":{"rendered":"GTC Nomex\u00ae ALEV ALMAZ G\u00d6MLEK"},"content":{"rendered":"","protected":false},"excerpt":{"rendered":"<div class=\"sertifika-list\">\n<h4><u>Ready Made Product CE Certification:<\/u><\/h4>\n<p><strong>EN 11612 A1 A2 B1 C1 F1:<\/strong>\u00a0Heat and Flame Protective Clothing<br \/>\n<b>EN 1149-5:\u00a0<\/b>Electrostatic Properties<br \/>\n<b>IEC 61482-1-2 Class 1:<\/b>\u00a0Protective Clothing Against Electric Arc Thermal Risk<\/p>\n<\/div>\n<div class=\"sertifika-list\"><strong><u style=\"color: #1b1919; font-size: 18px;\">Fabric Additional Features:<\/u><\/strong><\/div>\n<div class=\"kumas-ozellik\">IEC 61482-1-1 ATPV: 6.1 cal\/cm\u00b2<br \/>\nWater and Oil Repellent<\/div>\n<div class=\"kumas-ozellik\"><strong><u style=\"color: #1b1919; font-size: 18px;\">Fabric Information:<\/u><\/strong><\/div>\n<div class=\"kumas-ozellik\">NOMEX\u00ae\u00a0205, 205 gr\/m\u00b2 Dope Dyed<br \/>\nFlameproof &amp; Antistatic<\/p>\n<ul>\n<li>%93 Meta-aramid<\/li>\n<li>%5 Para-aramid<\/li>\n<li>%2 Antistatik<\/li>\n<\/ul>\n<p><a href=\"https:\/\/www.gtcendustriyel.com\/wp-content\/uploads\/2024\/08\/NOMEX-GOMLEK-ETIKET.pdf\"><strong>Nomex \u00dcr\u00fcn Etiketi\u00a0<\/strong><\/a><\/p>\n<p><a href=\"https:\/\/www.gtcendustriyel.com\/wp-content\/uploads\/2022\/06\/TULUM-GOMLEK-PANTOLONNOMEX-AITEX-2.pdf\"><strong>Nomex G\u00f6mlek \u00dcr\u00fcn Sertifikas\u0131\u00a0<\/strong><\/a><\/p>\n<p><a href=\"https:\/\/www.gtcendustriyel.com\/wp-content\/uploads\/2022\/06\/GTC-KULLANMA-KILAVUZU-Yeni-3-2.pdf\"><strong>Nomex G\u00f6mlek Kullan\u0131m K\u0131lavuzu\u00a0<\/strong><\/a><\/p>\n<\/div>","protected":false},"featured_media":10240,"comment_status":"open","ping_status":"closed","template":"","meta":[],"product_brand":[],"product_cat":[115],"product_tag":[397,391,394],"class_list":{"0":"post-10231","1":"product","2":"type-product","3":"status-publish","4":"has-post-thumbnail","6":"product_cat-alev-almaz-urunler","7":"product_tag-alev-almaz-gomlek","8":"product_tag-ismont","9":"product_tag-nomex","11":"first","12":"instock","13":"taxable","14":"shipping-taxable","15":"product-type-simple"},"jetpack_sharing_enabled":true,"_links":{"self":[{"href":"https:\/\/www.gtcendustriyel.com\/en\/wp-json\/wp\/v2\/product\/10231","targetHints":{"allow":["GET"]}}],"collection":[{"href":"https:\/\/www.gtcendustriyel.com\/en\/wp-json\/wp\/v2\/product"}],"about":[{"href":"https:\/\/www.gtcendustriyel.com\/en\/wp-json\/wp\/v2\/types\/product"}],"replies":[{"embeddable":true,"href":"https:\/\/www.gtcendustriyel.com\/en\/wp-json\/wp\/v2\/comments?post=10231"}],"version-history":[{"count":0,"href":"https:\/\/www.gtcendustriyel.com\/en\/wp-json\/wp\/v2\/product\/10231\/revisions"}],"wp:featuredmedia":[{"embeddable":true,"href":"https:\/\/www.gtcendustriyel.com\/en\/wp-json\/wp\/v2\/media\/10240"}],"wp:attachment":[{"href":"https:\/\/www.gtcendustriyel.com\/en\/wp-json\/wp\/v2\/media?parent=10231"}],"wp:term":[{"taxonomy":"product_brand","embeddable":true,"href":"https:\/\/www.gtcendustriyel.com\/en\/wp-json\/wp\/v2\/product_brand?post=10231"},{"taxonomy":"product_cat","embeddable":true,"href":"https:\/\/www.gtcendustriyel.com\/en\/wp-json\/wp\/v2\/product_cat?post=10231"},{"taxonomy":"product_tag","embeddable":true,"href":"https:\/\/www.gtcendustriyel.com\/en\/wp-json\/wp\/v2\/product_tag?post=10231"}],"curies":[{"name":"wp","href":"https:\/\/api.w.org\/{rel}","templated":true}]}}