{"id":10195,"date":"2022-06-21T08:14:33","date_gmt":"2022-06-21T08:14:33","guid":{"rendered":"https:\/\/gtcendustriyel.com\/?post_type=product&#038;p=10195"},"modified":"2024-08-06T14:39:59","modified_gmt":"2024-08-06T11:39:59","slug":"ismontpro-alev-almaz-poloshirt","status":"publish","type":"product","link":"https:\/\/www.gtcendustriyel.com\/en\/product\/ismontpro-alev-almaz-poloshirt\/","title":{"rendered":"ISMONTPRO FLAMMABLE POLOSHIRTS"},"content":{"rendered":"","protected":false},"excerpt":{"rendered":"<div class=\"sertifika-list\">\n<h4><u>Ready Product Certificate:<\/u><\/h4>\n<p><strong>EN 11612 A1 A2 B1 C1 F1<\/strong>\u00a0Heat and Flame Protective Clothing<br \/>\n<b>EN 1149-5:\u00a0<\/b>Electrostatic Properties<br \/>\n<b>Chapter 5:\u00a0<\/b>Material Performance and Design Features<\/p>\n<h4><u>Fabric Information:<\/u><\/h4>\n<p>Flameproof &amp; Antistatic, 240 gr\/m\u00b2<\/p>\n<ul>\n<li>%60 Protex<\/li>\n<li>%38 Cotton<\/li>\n<li>%2 Antistatik<\/li>\n<\/ul>\n<\/div>\n<div class=\"icerik\">\n<h4><u>Accessories:<\/u><\/h4>\n<ul>\n<li>Flame retardant and anti-static fabric<\/li>\n<li>100% Meta-aramid 3-ply sewing threads<\/li>\n<li>50 mm aramid back surface flame retardant reflective strips<\/li>\n<\/ul>\n<p><a href=\"https:\/\/www.gtcendustriyel.com\/wp-content\/uploads\/2022\/06\/THSIRT-ISW-6611-ETIKET.pdf\"><strong>Nomex \u00dcr\u00fcn Etiketi\u00a0<\/strong><\/a><\/p>\n<p><a href=\"https:\/\/www.gtcendustriyel.com\/wp-content\/uploads\/2022\/06\/ISW-6610.pdf\"><strong>Nomex Tsh\u0131rt \u00dcr\u00fcn Sertifikas\u0131\u00a0<\/strong><\/a><\/p>\n<\/div>","protected":false},"featured_media":10210,"comment_status":"open","ping_status":"closed","template":"","meta":[],"product_brand":[],"product_cat":[115],"product_tag":[392,391,393],"class_list":{"0":"post-10195","1":"product","2":"type-product","3":"status-publish","4":"has-post-thumbnail","6":"product_cat-alev-almaz-urunler","7":"product_tag-alev-almaz","8":"product_tag-ismont","9":"product_tag-polo-tshirt","11":"first","12":"instock","13":"taxable","14":"shipping-taxable","15":"purchasable","16":"product-type-variable"},"jetpack_sharing_enabled":true,"_links":{"self":[{"href":"https:\/\/www.gtcendustriyel.com\/en\/wp-json\/wp\/v2\/product\/10195","targetHints":{"allow":["GET"]}}],"collection":[{"href":"https:\/\/www.gtcendustriyel.com\/en\/wp-json\/wp\/v2\/product"}],"about":[{"href":"https:\/\/www.gtcendustriyel.com\/en\/wp-json\/wp\/v2\/types\/product"}],"replies":[{"embeddable":true,"href":"https:\/\/www.gtcendustriyel.com\/en\/wp-json\/wp\/v2\/comments?post=10195"}],"version-history":[{"count":0,"href":"https:\/\/www.gtcendustriyel.com\/en\/wp-json\/wp\/v2\/product\/10195\/revisions"}],"wp:featuredmedia":[{"embeddable":true,"href":"https:\/\/www.gtcendustriyel.com\/en\/wp-json\/wp\/v2\/media\/10210"}],"wp:attachment":[{"href":"https:\/\/www.gtcendustriyel.com\/en\/wp-json\/wp\/v2\/media?parent=10195"}],"wp:term":[{"taxonomy":"product_brand","embeddable":true,"href":"https:\/\/www.gtcendustriyel.com\/en\/wp-json\/wp\/v2\/product_brand?post=10195"},{"taxonomy":"product_cat","embeddable":true,"href":"https:\/\/www.gtcendustriyel.com\/en\/wp-json\/wp\/v2\/product_cat?post=10195"},{"taxonomy":"product_tag","embeddable":true,"href":"https:\/\/www.gtcendustriyel.com\/en\/wp-json\/wp\/v2\/product_tag?post=10195"}],"curies":[{"name":"wp","href":"https:\/\/api.w.org\/{rel}","templated":true}]}}