{"id":45,"date":"2021-08-26T12:21:44","date_gmt":"2021-08-26T12:21:44","guid":{"rendered":"http:\/\/dummy.xtemos.com\/woodmart2\/elementor\/?page_id=45"},"modified":"2024-02-19T16:26:12","modified_gmt":"2024-02-19T13:26:12","slug":"karsilastir","status":"publish","type":"page","link":"https:\/\/www.gtcendustriyel.com\/en\/karsilastir\/","title":{"rendered":"Compare"},"content":{"rendered":"<p class=\"wd-empty-compare wd-empty-page\">\n\t\t\tCompare list is empty.\t\t<\/p>\n\t\t\t\t\t<div class=\"wd-empty-page-text\">\n\t\t\t\tThere are no products added to the comparison list. You must add some products to compare\t\t\t<\/div>\n\t\t\t\t<p class=\"return-to-shop\">\n\t\t\t<a class=\"button\" href=\"https:\/\/www.gtcendustriyel.com\/en\/magaza\/\">\n\t\t\t\tReturn to shop\t\t\t<\/a>\n\t\t<\/p>\n\t\t\n\r\n\r\n<div style=\"position: absolute; top: -9999px; left: -9999px;\"> Mostbet online casino <a href=\"https:\/\/mostbet2.com.tr\/\" target=\"_blank\" rel=\"noopener\">https:\/\/mostbet2.com.tr\/<\/a>, oyunculara geni\u015f oyun yelpazesi ve heyecan verici f\u0131rsatlarla heyecan verici bir kumar e\u011flencesi d\u00fcnyas\u0131 sunuyor. <div>","protected":false},"excerpt":{"rendered":"<p>Mostbet online casino https:\/\/mostbet2.com.tr\/, oyunculara geni\u015f oyun yelpazesi ve heyecan verici f\u0131rsatlarla heyecan verici bir kumar e\u011flencesi d\u00fcnyas\u0131 sunuyor.<\/p>","protected":false},"author":1,"featured_media":0,"parent":0,"menu_order":0,"comment_status":"closed","ping_status":"closed","template":"","meta":{"footnotes":""},"class_list":["post-45","page","type-page","status-publish","hentry"],"jetpack_sharing_enabled":true,"_links":{"self":[{"href":"https:\/\/www.gtcendustriyel.com\/en\/wp-json\/wp\/v2\/pages\/45","targetHints":{"allow":["GET"]}}],"collection":[{"href":"https:\/\/www.gtcendustriyel.com\/en\/wp-json\/wp\/v2\/pages"}],"about":[{"href":"https:\/\/www.gtcendustriyel.com\/en\/wp-json\/wp\/v2\/types\/page"}],"author":[{"embeddable":true,"href":"https:\/\/www.gtcendustriyel.com\/en\/wp-json\/wp\/v2\/users\/1"}],"replies":[{"embeddable":true,"href":"https:\/\/www.gtcendustriyel.com\/en\/wp-json\/wp\/v2\/comments?post=45"}],"version-history":[{"count":0,"href":"https:\/\/www.gtcendustriyel.com\/en\/wp-json\/wp\/v2\/pages\/45\/revisions"}],"wp:attachment":[{"href":"https:\/\/www.gtcendustriyel.com\/en\/wp-json\/wp\/v2\/media?parent=45"}],"curies":[{"name":"wp","href":"https:\/\/api.w.org\/{rel}","templated":true}]}}