{"id":4400,"date":"2021-10-12T15:51:09","date_gmt":"2021-10-12T15:51:09","guid":{"rendered":"http:\/\/dummy.xtemos.com\/woodmart2\/elementor\/?page_id=4400"},"modified":"2024-03-08T10:31:09","modified_gmt":"2024-03-08T07:31:09","slug":"hakkimizda","status":"publish","type":"page","link":"https:\/\/www.gtcendustriyel.com\/en\/hakkimizda\/","title":{"rendered":"About us"},"content":{"rendered":"<div data-elementor-type=\"wp-page\" data-elementor-id=\"4400\" class=\"elementor elementor-4400\">\n\t\t\t\t\t\t<section class=\"wd-negative-gap elementor-section elementor-top-section elementor-element elementor-element-82bd1bb elementor-section-boxed elementor-section-height-default elementor-section-height-default\" data-id=\"82bd1bb\" data-element_type=\"section\">\n\t\t\t\t\t\t<div class=\"elementor-container elementor-column-gap-default\">\n\t\t\t\t\t<div class=\"elementor-column elementor-col-100 elementor-top-column elementor-element elementor-element-1b280fc\" data-id=\"1b280fc\" data-element_type=\"column\">\n\t\t\t<div class=\"elementor-widget-wrap elementor-element-populated\">\n\t\t\t\t\t\t<div class=\"elementor-element elementor-element-af3e090 elementor-invisible elementor-widget elementor-widget-wd_text_block\" data-id=\"af3e090\" data-element_type=\"widget\" data-settings=\"{&quot;_animation&quot;:&quot;fadeInLeft&quot;}\" data-widget_type=\"wd_text_block.default\">\n\t\t\t\t<div class=\"elementor-widget-container\">\n\t\t\t\t\t\t\t<div class=\"wd-text-block reset-last-child text-left\">\n\t\t\t\n\t\t\t<h1 style=\"text-align: center;\"><strong>HAKKIMIZDA<\/strong><\/h1><p style=\"text-align: center;\">GTC END\u00dcSTR\u0130YEL alan\u0131nda uzman ki\u015filer taraf\u0131ndan\u00a0 kurulmu\u015ftur. S\u00fcrd\u00fcr\u00fclebilir \u00e7\u00f6z\u00fcmleri ile m\u00fc\u015fteri memnuniyetini en \u00fcst seviyede tutup m\u00fc\u015fterilerinin ve payda\u015flar\u0131n\u0131n daim\u00ee \u00e7\u00f6z\u00fcm orta\u011f\u0131 olma misyonuyla, kendini d\u00fcnya \u00e7ap\u0131nda ispatlam\u0131\u015f markalar ile\u00a0 i\u015f birli\u011fi yapmaktad\u0131r. Bu do\u011frultuda global anlamda g\u00fc\u00e7l\u00fc markalar olan Dupont, Deltaplus, 3M, YDS ,BBU, EKS ve bir\u00e7ok markan\u0131n \u00fcr\u00fcnlerini T\u00fcrkiye ve D\u00fcnya pazar\u0131na sunmaktad\u0131r.G\u00fcvenilir, yenilik\u00e7i, i\u00e7ten, cesur ve kat\u0131l\u0131mc\u0131 temel de\u011ferleri do\u011frultusunda m\u00fc\u015fterileri ve payda\u015flar\u0131 ile g\u00fcvene dayal\u0131 ve uzun s\u00fcreli ili\u015fkiler olu\u015fturmakta ve onlara \u00f6zel esnek \u00e7\u00f6z\u00fcmler geli\u015ftirmektedir.Petrokimyadan in\u015faata , otomotivden beyaz e\u015fyaya, sekt\u00f6r\u00fcnde \u00f6nc\u00fc bir\u00e7ok markaya sundu\u011fu hizmetler ile elde etti\u011fi \u00fcretim ve hizmet tecr\u00fcbesini, pazar\u0131n ihtiya\u00e7lar\u0131n\u0131 da g\u00f6zeterek yapt\u0131\u011f\u0131 yat\u0131r\u0131mlarla destekleyen GTC END\u00dcSTR\u0130YEL \u00fcr\u00fcn \u00e7e\u015fitlili\u011fini art\u0131rmaya devam etmektedir.M\u00fc\u015fteri odakl\u0131 yakla\u015f\u0131m\u0131yla\u00a0 t\u00fcm m\u00fc\u015fteri ve payda\u015flar\u0131 i\u00e7in de\u011fer yaratan inovatif ve s\u00fcrd\u00fclebilir \u00e7\u00f6z\u00fcmler geli\u015ftirmektedir.<\/p>\n\t\t\t\t\t<\/div>\n\t\t\t\t\t\t<\/div>\n\t\t\t\t<\/div>\n\t\t\t\t\t<\/div>\n\t\t<\/div>\n\t\t\t\t\t<\/div>\n\t\t<\/section>\n\t\t\t\t<section class=\"wd-negative-gap elementor-section elementor-top-section elementor-element elementor-element-4ec50a6 elementor-section-boxed elementor-section-height-default elementor-section-height-default\" data-id=\"4ec50a6\" data-element_type=\"section\">\n\t\t\t\t\t\t<div class=\"elementor-container elementor-column-gap-default\">\n\t\t\t\t\t<div class=\"elementor-column elementor-col-100 elementor-top-column elementor-element elementor-element-0c84407\" data-id=\"0c84407\" data-element_type=\"column\">\n\t\t\t<div class=\"elementor-widget-wrap elementor-element-populated\">\n\t\t\t\t\t\t<div class=\"elementor-element elementor-element-8487b58 elementor-invisible elementor-widget elementor-widget-wd_text_block\" data-id=\"8487b58\" data-element_type=\"widget\" data-settings=\"{&quot;_animation&quot;:&quot;fadeIn&quot;}\" data-widget_type=\"wd_text_block.default\">\n\t\t\t\t<div class=\"elementor-widget-container\">\n\t\t\t\t\t\t\t<div class=\"wd-text-block reset-last-child text-left\">\n\t\t\t\n\t\t\t<h1 style=\"text-align: center;\">REFERANSLARIMIZ<\/h1>\n\t\t\t\t\t<\/div>\n\t\t\t\t\t\t<\/div>\n\t\t\t\t<\/div>\n\t\t\t\t\t<\/div>\n\t\t<\/div>\n\t\t\t\t\t<\/div>\n\t\t<\/section>\n\t\t\t\t<section class=\"wd-negative-gap elementor-section elementor-top-section elementor-element elementor-element-e2c55fd elementor-section-boxed elementor-section-height-default elementor-section-height-default\" data-id=\"e2c55fd\" data-element_type=\"section\">\n\t\t\t\t\t\t<div class=\"elementor-container elementor-column-gap-default\">\n\t\t\t\t\t<div class=\"elementor-column elementor-col-100 elementor-top-column elementor-element elementor-element-4048fcf\" data-id=\"4048fcf\" data-element_type=\"column\">\n\t\t\t<div class=\"elementor-widget-wrap elementor-element-populated\">\n\t\t\t\t\t\t<div class=\"elementor-element elementor-element-06ab41e animated-slow wd-width-100 elementor-invisible elementor-widget elementor-widget-wd_images_gallery\" data-id=\"06ab41e\" data-element_type=\"widget\" data-settings=\"{&quot;_animation&quot;:&quot;fadeInUp&quot;}\" data-widget_type=\"wd_images_gallery.default\">\n\t\t\t\t<div class=\"elementor-widget-container\">\n\t\t\t\t\t\t\t<div class=\"wd-images-gallery photoswipe-images\" style=\"--wd-align-items:center; --wd-justify-content:center;\">\n\t\t\t\t\t\t<div class=\"wd-grid-g\" style=\"--wd-col-lg:1;--wd-col-md:1;--wd-col-sm:1;--wd-gap-lg:0px;\" >\n\t\t\t\t\t\t\t\t\t\t\t\t\t\t\t\t\t\t<div class=\"wd-gallery-item wd-col\">\n\t\t\t\t\t\t\t\t\t\t\t\t\t<a  href=\"https:\/\/www.gtcendustriyel.com\/wp-content\/uploads\/2023\/05\/Screenshot_1-1.jpg\" data-width=\"1029\" data-height=\"673\" data-index=\"1\" data-elementor-open-lightbox=\"no\">\n\t\t\t\t\t\t\n\t\t\t\t\t\t<img fetchpriority=\"high\" decoding=\"async\" width=\"1029\" height=\"673\" src=\"https:\/\/www.gtcendustriyel.com\/wp-content\/uploads\/2023\/05\/Screenshot_1-1.jpg\" class=\"attachment-large size-large\" alt=\"Screenshot_1\" srcset=\"https:\/\/www.gtcendustriyel.com\/wp-content\/uploads\/2023\/05\/Screenshot_1-1.jpg 1029w, https:\/\/www.gtcendustriyel.com\/wp-content\/uploads\/2023\/05\/Screenshot_1-1-400x262.jpg 400w, https:\/\/www.gtcendustriyel.com\/wp-content\/uploads\/2023\/05\/Screenshot_1-1-768x502.jpg 768w, https:\/\/www.gtcendustriyel.com\/wp-content\/uploads\/2023\/05\/Screenshot_1-1-18x12.jpg 18w, https:\/\/www.gtcendustriyel.com\/wp-content\/uploads\/2023\/05\/Screenshot_1-1-860x562.jpg 860w, https:\/\/www.gtcendustriyel.com\/wp-content\/uploads\/2023\/05\/Screenshot_1-1-430x281.jpg 430w, https:\/\/www.gtcendustriyel.com\/wp-content\/uploads\/2023\/05\/Screenshot_1-1-700x458.jpg 700w, https:\/\/www.gtcendustriyel.com\/wp-content\/uploads\/2023\/05\/Screenshot_1-1-150x98.jpg 150w\" sizes=\"(max-width: 1029px) 100vw, 1029px\" \/>\n\t\t\t\t\t\t\t\t\t\t\t\t\t<\/a>\n\t\t\t\t\t\t\t\t\t\t\t<\/div>\n\t\t\t\t\t\t\t\t\t\t\t\t\t<\/div>\n\t\t\t\t\t<\/div>\n\t\t\t\t\t\t<\/div>\n\t\t\t\t<\/div>\n\t\t\t\t\t<\/div>\n\t\t<\/div>\n\t\t\t\t\t<\/div>\n\t\t<\/section>\n\t\t\t\t<\/div>","protected":false},"excerpt":{"rendered":"<p>HAKKIMIZDA GTC END\u00dcSTR\u0130YEL alan\u0131nda uzman ki\u015filer taraf\u0131ndan\u00a0 kurulmu\u015ftur. S\u00fcrd\u00fcr\u00fclebilir \u00e7\u00f6z\u00fcmleri ile m\u00fc\u015fteri memnuniyetini en \u00fcst seviyede tutup m\u00fc\u015fterilerinin ve payda\u015flar\u0131n\u0131n<\/p>","protected":false},"author":1,"featured_media":0,"parent":0,"menu_order":0,"comment_status":"closed","ping_status":"closed","template":"","meta":{"footnotes":""},"class_list":["post-4400","page","type-page","status-publish","hentry"],"jetpack_sharing_enabled":true,"_links":{"self":[{"href":"https:\/\/www.gtcendustriyel.com\/en\/wp-json\/wp\/v2\/pages\/4400","targetHints":{"allow":["GET"]}}],"collection":[{"href":"https:\/\/www.gtcendustriyel.com\/en\/wp-json\/wp\/v2\/pages"}],"about":[{"href":"https:\/\/www.gtcendustriyel.com\/en\/wp-json\/wp\/v2\/types\/page"}],"author":[{"embeddable":true,"href":"https:\/\/www.gtcendustriyel.com\/en\/wp-json\/wp\/v2\/users\/1"}],"replies":[{"embeddable":true,"href":"https:\/\/www.gtcendustriyel.com\/en\/wp-json\/wp\/v2\/comments?post=4400"}],"version-history":[{"count":0,"href":"https:\/\/www.gtcendustriyel.com\/en\/wp-json\/wp\/v2\/pages\/4400\/revisions"}],"wp:attachment":[{"href":"https:\/\/www.gtcendustriyel.com\/en\/wp-json\/wp\/v2\/media?parent=4400"}],"curies":[{"name":"wp","href":"https:\/\/api.w.org\/{rel}","templated":true}]}}